{"id":78,"date":"2024-03-31T14:01:33","date_gmt":"2024-03-31T14:01:33","guid":{"rendered":"https:\/\/new.schmid-mogelsberg.ch\/de\/?page_id=78"},"modified":"2024-08-05T15:01:50","modified_gmt":"2024-08-05T15:01:50","slug":"shop-top","status":"publish","type":"page","link":"https:\/\/new.schmid-mogelsberg.ch\/de\/druck\/shop-top\/","title":{"rendered":"Shop-Top"},"content":{"rendered":"<p>[et_pb_section fb_built=&#8220;1&#8243; _builder_version=&#8220;4.24.2&#8243; _module_preset=&#8220;default&#8220; background_image=&#8220;https:\/\/new.schmid-mogelsberg.ch\/de\/wp-content\/uploads\/2024\/04\/Img-Druck.webp&#8220; min_height=&#8220;230px&#8220; custom_padding=&#8220;||||false|false&#8220; global_colors_info=&#8220;{}&#8220;][\/et_pb_section][et_pb_section fb_built=&#8220;1&#8243; _builder_version=&#8220;4.24.2&#8243; _module_preset=&#8220;default&#8220; custom_padding=&#8220;20px||10px||false|false&#8220; global_colors_info=&#8220;{}&#8220;][et_pb_row use_custom_gutter=&#8220;on&#8220; gutter_width=&#8220;1&#8243; custom_padding_last_edited=&#8220;on|phone&#8220; _builder_version=&#8220;4.24.2&#8243; _module_preset=&#8220;default&#8220; width_tablet=&#8220;95%&#8220; width_phone=&#8220;95%&#8220; width_last_edited=&#8220;on|phone&#8220; custom_padding_tablet=&#8220;||0px||false|false&#8220; custom_padding_phone=&#8220;||0px||false|false&#8220; global_colors_info=&#8220;{}&#8220;][et_pb_column type=&#8220;4_4&#8243; _builder_version=&#8220;4.24.2&#8243; _module_preset=&#8220;default&#8220; custom_padding=&#8220;||||false|false&#8220; global_colors_info=&#8220;{}&#8220;][et_pb_text _builder_version=&#8220;4.27.0&#8243; _module_preset=&#8220;default&#8220; text_font=&#8220;FuturaDemi-Bold|300|||||||&#8220; text_font_size=&#8220;17px&#8220; text_line_height=&#8220;1.3em&#8220; link_font=&#8220;Futura-Book||||||||&#8220; link_text_color=&#8220;#000000&#8243; custom_margin=&#8220;||||false|false&#8220; custom_padding=&#8220;|2px||2px|false|true&#8220; global_colors_info=&#8220;{}&#8220;]<\/p>\n<p><a href=\"https:\/\/new.schmid-mogelsberg.ch\/de\/\">Home\u00a0<\/a> &gt;\u00a0 <a href=\"https:\/\/new.schmid-mogelsberg.ch\/de\/druck\/\">Druck<\/a><strong>\u00a0 &gt;\u00a0 Shop-Top<\/strong><\/p>\n<p>[\/et_pb_text][\/et_pb_column][\/et_pb_row][\/et_pb_section][et_pb_section fb_built=&#8220;1&#8243; _builder_version=&#8220;4.24.2&#8243; _module_preset=&#8220;default&#8220; custom_padding=&#8220;0px||0px||true|false&#8220; global_colors_info=&#8220;{}&#8220;][et_pb_row _builder_version=&#8220;4.24.2&#8243; _module_preset=&#8220;default&#8220; width_tablet=&#8220;95%&#8220; width_phone=&#8220;95%&#8220; width_last_edited=&#8220;on|phone&#8220; global_colors_info=&#8220;{}&#8220;][et_pb_column type=&#8220;4_4&#8243; _builder_version=&#8220;4.24.2&#8243; _module_preset=&#8220;default&#8220; global_colors_info=&#8220;{}&#8220;][et_pb_text _builder_version=&#8220;4.27.0&#8243; _module_preset=&#8220;default&#8220; text_font=&#8220;FUTURA65MEDIUM|700|||||||&#8220; text_font_size=&#8220;40px&#8220; text_line_height=&#8220;1.3em&#8220; custom_margin=&#8220;||||false|false&#8220; custom_margin_tablet=&#8220;25px||||false|false&#8220; custom_margin_phone=&#8220;25px||||false|false&#8220; custom_margin_last_edited=&#8220;on|phone&#8220; text_font_size_tablet=&#8220;35px&#8220; text_font_size_phone=&#8220;25px&#8220; text_line_height_tablet=&#8220;1.3em&#8220; text_line_height_phone=&#8220;1.2em&#8220; text_line_height_last_edited=&#8220;on|phone&#8220; global_colors_info=&#8220;{}&#8220;]<\/p>\n<h2>SCHMID MOGELSBERG AG<\/h2>\n<p>[\/et_pb_text][et_pb_text _builder_version=&#8220;4.27.0&#8243; _module_preset=&#8220;default&#8220; text_font=&#8220;FUTURA55REGULAR|700|||||||&#8220; text_font_size=&#8220;80px&#8220; text_line_height=&#8220;1.1em&#8220; text_font_size_tablet=&#8220;38px&#8220; text_font_size_phone=&#8220;40px&#8220; text_font_size_last_edited=&#8220;on|tablet&#8220; text_line_height_tablet=&#8220;&#8220; text_line_height_phone=&#8220;1.2em&#8220; text_line_height_last_edited=&#8220;on|phone&#8220; global_colors_info=&#8220;{}&#8220;]<\/p>\n<h1>Shop-Top<\/h1>\n<p>[\/et_pb_text][\/et_pb_column][\/et_pb_row][et_pb_row use_custom_gutter=&#8220;on&#8220; gutter_width=&#8220;2&#8243; custom_padding_last_edited=&#8220;on|phone&#8220; _builder_version=&#8220;4.24.2&#8243; _module_preset=&#8220;default&#8220; width_tablet=&#8220;95%&#8220; width_phone=&#8220;95%&#8220; width_last_edited=&#8220;on|phone&#8220; custom_padding=&#8220;0px||||false|false&#8220; custom_padding_tablet=&#8220;||0px||false|false&#8220; custom_padding_phone=&#8220;||0px||false|false&#8220; global_colors_info=&#8220;{}&#8220;][et_pb_column type=&#8220;4_4&#8243; _builder_version=&#8220;4.24.2&#8243; _module_preset=&#8220;default&#8220; custom_padding=&#8220;||||false|false&#8220; global_colors_info=&#8220;{}&#8220;][et_pb_text _builder_version=&#8220;4.27.0&#8243; _module_preset=&#8220;default&#8220; custom_margin=&#8220;||||false|false&#8220; custom_padding=&#8220;|2px||2px|false|true&#8220; custom_padding_tablet=&#8220;10px||10px||true|true&#8220; custom_padding_phone=&#8220;10px|2px|10px|2px|true|true&#8220; custom_padding_last_edited=&#8220;on|tablet&#8220; global_colors_info=&#8220;{}&#8220;]<\/p>\n<p>Unser Shop-Top gibt Ihnen einen \u00dcberblick \u00fcber ausgew\u00e4hlte Produkte unseres Sortimentes. Zahlreiche Unternehmen, Arztpraxen, \u00f6ffentliche Institutionen, Schulen und Vereine profitieren davon. Gesch\u00e4tzt werden unsere fairen Konditionen und der prompte Lieferservice.<\/p>\n<p><strong>Pr\u00fcfen Sie das Angebot und fragen Sie nach, wenn Sie mehr wissen m\u00f6chten!<\/strong><\/p>\n<p>[\/et_pb_text][et_pb_image src=&#8220;https:\/\/new.schmid-mogelsberg.ch\/de\/wp-content\/uploads\/2024\/03\/ug_shoptop_1020x836px_aktuell.webp&#8220; title_text=&#8220;ug_shoptop_1020x836px_aktuell&#8220; _builder_version=&#8220;4.24.2&#8243; _module_preset=&#8220;default&#8220; global_colors_info=&#8220;{}&#8220;][\/et_pb_image][et_pb_text _builder_version=&#8220;4.27.0&#8243; _module_preset=&#8220;default&#8220; text_font=&#8220;FUTURA55REGULAR|300|||||||&#8220; text_font_size=&#8220;30px&#8220; custom_margin=&#8220;||||false|false&#8220; custom_margin_tablet=&#8220;||0px||false|false&#8220; custom_margin_phone=&#8220;||0px||false|false&#8220; custom_margin_last_edited=&#8220;on|tablet&#8220; custom_padding=&#8220;|2px||2px|false|true&#8220; custom_padding_tablet=&#8220;10px||10px||true|true&#8220; custom_padding_phone=&#8220;10px|2px|10px|2px|true|true&#8220; custom_padding_last_edited=&#8220;on|tablet&#8220; text_font_size_tablet=&#8220;20px&#8220; global_colors_info=&#8220;{}&#8220;]<\/p>\n<h3><strong>Shop-Top<\/strong><\/h3>\n<p>[\/et_pb_text][et_pb_text _builder_version=&#8220;4.27.0&#8243; _module_preset=&#8220;default&#8220; custom_margin=&#8220;||||false|false&#8220; custom_padding=&#8220;|2px||2px|false|true&#8220; custom_padding_tablet=&#8220;10px||10px||true|true&#8220; custom_padding_phone=&#8220;10px|2px|10px|2px|true|true&#8220; custom_padding_last_edited=&#8220;on|tablet&#8220; hover_enabled=&#8220;0&#8243; global_colors_info=&#8220;{}&#8220; link_font=&#8220;FuturaDemi-Bold||||on||||&#8220; sticky_enabled=&#8220;0&#8243;]<\/p>\n<p>Unser Shop-Top er\u00f6ffnet Ihnen ein ausgew\u00e4hltes Sortiment. Gerne beraten wir Sie detailliert per Telefon. <a href=\"tel:0041713756080\" title=\"071 375 60 80\">+41 71 375 60 80<\/a><\/p>\n<p>[\/et_pb_text][et_pb_text _builder_version=&#8220;4.27.0&#8243; _module_preset=&#8220;default&#8220; text_font=&#8220;FUTURA55REGULAR|300|||||||&#8220; text_font_size=&#8220;30px&#8220; custom_margin=&#8220;||||false|false&#8220; custom_margin_tablet=&#8220;||0px||false|false&#8220; custom_margin_phone=&#8220;||0px||false|false&#8220; custom_margin_last_edited=&#8220;on|tablet&#8220; custom_padding=&#8220;|2px||2px|false|true&#8220; custom_padding_tablet=&#8220;10px||10px||true|true&#8220; custom_padding_phone=&#8220;10px|2px|10px|2px|true|true&#8220; custom_padding_last_edited=&#8220;on|tablet&#8220; text_font_size_tablet=&#8220;20px&#8220; global_colors_info=&#8220;{}&#8220;]<\/p>\n<h3><strong>Downloads<\/strong><\/h3>\n<p>[\/et_pb_text][et_pb_blurb url=&#8220;#&#8220; image=&#8220;https:\/\/new.schmid-mogelsberg.ch\/de\/wp-content\/uploads\/2024\/03\/Img.png&#8220; icon_placement=&#8220;left&#8220; content_max_width=&#8220;100%&#8220; _builder_version=&#8220;4.27.0&#8243; _module_preset=&#8220;default&#8220; body_font=&#8220;Futura-Book||||||||&#8220; body_text_color=&#8220;#0C71C3&#8243; link_option_url=&#8220;https:\/\/new.schmid-mogelsberg.ch\/de\/wp-content\/uploads\/2024\/04\/shoptop_verkaufsmailing_aktuell.pdf&#8220; link_option_url_new_window=&#8220;on&#8220; global_colors_info=&#8220;{}&#8220;]<\/p>\n<p>Shop-Top Brosch\u00fcre<br \/>PDF (8 MB)<\/p>\n<p>[\/et_pb_blurb][\/et_pb_column][\/et_pb_row][\/et_pb_section]<\/p>\n","protected":false},"excerpt":{"rendered":"<p>Home\u00a0 &gt;\u00a0 Druck\u00a0 &gt;\u00a0 Shop-TopSCHMID MOGELSBERG AGShop-TopUnser Shop-Top gibt Ihnen einen \u00dcberblick \u00fcber ausgew\u00e4hlte Produkte unseres Sortimentes. Zahlreiche Unternehmen, Arztpraxen, \u00f6ffentliche Institutionen, Schulen und Vereine profitieren davon. Gesch\u00e4tzt werden unsere fairen Konditionen und der prompte Lieferservice. Pr\u00fcfen Sie das Angebot und fragen Sie nach, wenn Sie mehr wissen m\u00f6chten!Shop-TopUnser Shop-Top er\u00f6ffnet Ihnen ein ausgew\u00e4hltes Sortiment. [&hellip;]<\/p>\n","protected":false},"author":3,"featured_media":0,"parent":31,"menu_order":0,"comment_status":"closed","ping_status":"closed","template":"","meta":{"_et_pb_use_builder":"on","_et_pb_old_content":"","_et_gb_content_width":"","footnotes":""},"class_list":["post-78","page","type-page","status-publish","hentry"],"_links":{"self":[{"href":"https:\/\/new.schmid-mogelsberg.ch\/de\/wp-json\/wp\/v2\/pages\/78","targetHints":{"allow":["GET"]}}],"collection":[{"href":"https:\/\/new.schmid-mogelsberg.ch\/de\/wp-json\/wp\/v2\/pages"}],"about":[{"href":"https:\/\/new.schmid-mogelsberg.ch\/de\/wp-json\/wp\/v2\/types\/page"}],"author":[{"embeddable":true,"href":"https:\/\/new.schmid-mogelsberg.ch\/de\/wp-json\/wp\/v2\/users\/3"}],"replies":[{"embeddable":true,"href":"https:\/\/new.schmid-mogelsberg.ch\/de\/wp-json\/wp\/v2\/comments?post=78"}],"version-history":[{"count":12,"href":"https:\/\/new.schmid-mogelsberg.ch\/de\/wp-json\/wp\/v2\/pages\/78\/revisions"}],"predecessor-version":[{"id":1088806,"href":"https:\/\/new.schmid-mogelsberg.ch\/de\/wp-json\/wp\/v2\/pages\/78\/revisions\/1088806"}],"up":[{"embeddable":true,"href":"https:\/\/new.schmid-mogelsberg.ch\/de\/wp-json\/wp\/v2\/pages\/31"}],"wp:attachment":[{"href":"https:\/\/new.schmid-mogelsberg.ch\/de\/wp-json\/wp\/v2\/media?parent=78"}],"curies":[{"name":"wp","href":"https:\/\/api.w.org\/{rel}","templated":true}]}}